{"id":24,"date":"2012-08-01T19:42:07","date_gmt":"2012-08-01T19:42:07","guid":{"rendered":"http:\/\/edeka-schmoll.de\/?page_id=24"},"modified":"2020-02-28T12:27:52","modified_gmt":"2020-02-28T12:27:52","slug":"markt","status":"publish","type":"page","link":"http:\/\/www.edeka-schmoll.de\/?page_id=24","title":{"rendered":"Markt"},"content":{"rendered":"<p style=\"text-align: left;\"><strong><a href=\"http:\/\/www.edeka-schmoll.de\/?attachment_id=51\" rel=\"attachment wp-att-51\"><img decoding=\"async\" loading=\"lazy\" class=\"alignright size-medium wp-image-51\" title=\"Markt (au\u00dfen)\" src=\"http:\/\/edeka-schmoll.de\/wp-content\/uploads\/markt_aussen-300x300.png\" alt=\"\" width=\"300\" height=\"300\" srcset=\"http:\/\/www.edeka-schmoll.de\/wp-content\/uploads\/markt_aussen-300x300.png 300w, http:\/\/www.edeka-schmoll.de\/wp-content\/uploads\/markt_aussen-150x150.png 150w, http:\/\/www.edeka-schmoll.de\/wp-content\/uploads\/markt_aussen.png 411w\" sizes=\"(max-width: 300px) 100vw, 300px\" \/><\/a><\/strong><\/p>\n<p><strong>Chronik<\/strong><\/p>\n<p><strong>01.02.2011:<\/strong><\/p>\n<p>\u00dcbernahme des Edeka Marktes (ehemals Dedecke) durch Frau Tatjana Ljaguschin und Herrn Kai Schmoll unter der neuen Firmierung Schmoll OHG.<\/p>\n<p><strong>01.02.2011 &#8211; 31.07.2012:<\/strong><\/p>\n<p>Durch umfangreiche Um- (Getr\u00e4nkemarkt in der Dorfstra\u00dfe 19\u00a0in Heiligenrode) und Anbauma\u00dfnahmen (zus\u00e4tzlich 600qm Verkaufsfl\u00e4che im Hauptmarkt in der Witzenh\u00e4user Stra\u00dfe 15 in Heiligenrode) entstand in \u00fcber einj\u00e4hriger Bauphase ein moderner und gro\u00dfz\u00fcgiger Lebensmittelmarkt nach modernsten Standards:<\/p>\n<p>&#8211; \u00dcber 100 gro\u00dfz\u00fcgig angelegte Parkpl\u00e4tze (davon 4 Behinderten bzw. Mutter-Kind Parkpl\u00e4tze).<\/p>\n<p>&#8211; \u00dcber 100 neue Einkaufswagen<\/p>\n<p>&#8211; Kunden-WC<\/p>\n<p>&#8211;\u00a0Obst &amp; Gem\u00fcse: Verdoppelung der Verkaufsfl\u00e4che, \u00a0u.a. Aufnahme eines umfangreichen\u00a0Bio-Sortiments<\/p>\n<p>&#8211; Frischeabteilung: Modernste K\u00fchlm\u00f6bel garantieren unseren Kunden\u00a0die gebotene Frische\u00a0von Molkerei, Wurst und Tiefk\u00fchlartikeln in riesiger Auswahl. In Zusammenarbeit mit der Fa. Carrier setzen wir\u00a0hinsichtlich des umweltbewussten Handelns\u00a0<span style=\"color: #3366ff;\"><a href=\"http:\/\/www.edeka-schmoll.de\/wp-content\/uploads\/11-07-18-Pressetext-Edeka-Schmoll_Entwurf.pdf\"><span style=\"color: #3366ff;\">modernste Standards<\/span><\/a><\/span>.<\/p>\n<p>&#8211; Sortimentserweiterung: Unser Sortiment umfasst \u00fcber 25.000 Artikel.<\/p>\n<p>&#8211; Bake-off-Station: Wir bieten unseren Kunden\u00a0mehrmals t\u00e4glich frisch gebackene\u00a0Brot- und \u00a0Backwaren aus unserer eigenen Marktb\u00e4ckerei von der Firma <span style=\"color: #3366ff;\"><span style=\"color: #3366ff;\"><a href=\"http:\/\/www.lieken.de\">Lieken<\/a>.<\/span><\/span><\/p>\n<p>&#8211; Weinberater: Unsere Kunden w\u00e4hlen\u00a0an\u00a0unserem Weinberater\u00a0den gew\u00fcnschten Wein nach Herkunftsland, Rebsorte, etc. gezielt aus.<\/p>\n<p><strong>01.08.2014<\/strong><\/p>\n<p>&#8211; Umzug unseres Getr\u00e4nkemarktes von der Dorfstra\u00dfe in die Kasseler Stra\u00dfe 2. Neben einer verkehrsg\u00fcnstigeren Lage und einer wesentlich besseren Erreichbarkeit f\u00fcr unsere Kunden, bieten wir auf ca. 300 qm ein umfangreiches Getr\u00e4nkesortiment alkoholfreier, sowie alkoholischer Getr\u00e4nke. Der moderne Getr\u00e4nkemarkt (Kasseler Stra\u00dfe 2)\u00a0liegt nunmehr ca. 100 Meter vom Hauptmarkt (Witzenh\u00e4user Stra\u00dfe 15)\u00a0entfernt, auf der gleichen Hauptstra\u00dfe durch Heiligenrode.<\/p>\n<p><strong>In Planung \/ Umsetzung\u00a0f\u00fcr 2015<\/strong><\/p>\n<p>Wir erweitern unser Frischfleisch und Gefl\u00fcgelsortiment im SB &#8211; Bereich. Zus\u00e4tzliche K\u00fchlm\u00f6bel sind bereis bestellt und ca. Mitte \/ Ende M\u00e4rz erfolgt die K\u00fchfl\u00e4chen- sowie\u00a0die Sortimentserweiterung.<\/p>\n<p>Weiterhin\u00a0werden wir hinsichtlich der Ladengestaltung moderner ,,lassen Sie sich \u00fcberraschen&#8220;. Auch hier haben\u00a0wir bereits Auftr\u00e4ge erteit, sodass die Umsetzung schon in K\u00fcrze erfolgt.<\/p>\n<p>In K\u00fcrze erhalten Sie direkt in unserem Edeka-Markt in einer kleinen Kaffee &#8211; Ecke\u00a0eine Auswahl an Kaffee Cr\u00e9me, Espresso, Cappuccino,\u00a0Kakao &#8230;&#8230;..\u00a0zur Selbstbedienung.\u00a0Somit wollen wir Ihren Einkauf noch angenehmer gestalten, ohne Stress und Hektik.<\/p>\n<p><strong>Wir sind moderner geworden:<\/strong><\/p>\n<p>Mit\u00a0Datum vom 17.04.2015 haben wir sowohl unsere Fl\u00e4chenerweiterung im\u00a0SB &#8211; Warenbereich mit den Sortimenten Frischfleisch und Gefl\u00fcgelsortiment abgeschlossen bzw. auch unsere Kaffee- Ecke erfolgreich in Betrieb genommen. Wir bieten unseren Kunden somit ein noch angenehmeres und vielseitigeres Einkauferlebnis.<\/p>\n<p><strong>\u00dcberarbeitung des Tabak &amp; Zeitschriften &#8211; Sortiment\u00b4s:<\/strong><\/p>\n<p>Am 04.04.2016 haben wir unser Tabak &amp; Zeitschriften Sortiment DEUTLICH erweitert. Modernste LED Technik, sowie neue Verkaufsregale\u00a0setzen die Produkte entsprechend in Szene.<\/p>\n<p>&nbsp;<\/p>\n","protected":false},"excerpt":{"rendered":"<p>Chronik 01.02.2011: \u00dcbernahme des Edeka Marktes (ehemals Dedecke) durch Frau Tatjana Ljaguschin und Herrn Kai Schmoll unter der neuen Firmierung Schmoll OHG. 01.02.2011 &#8211; 31.07.2012: Durch umfangreiche Um- (Getr\u00e4nkemarkt in der Dorfstra\u00dfe 19\u00a0in Heiligenrode) und Anbauma\u00dfnahmen (zus\u00e4tzlich 600qm Verkaufsfl\u00e4che im Hauptmarkt in der Witzenh\u00e4user Stra\u00dfe 15 in Heiligenrode) entstand in \u2026 <a class=\"continue-reading-link\" href=\"http:\/\/www.edeka-schmoll.de\/?page_id=24\"> Continue reading<\/a><\/p>\n","protected":false},"author":1,"featured_media":0,"parent":0,"menu_order":0,"comment_status":"closed","ping_status":"closed","template":"","meta":[],"_links":{"self":[{"href":"http:\/\/www.edeka-schmoll.de\/index.php?rest_route=\/wp\/v2\/pages\/24"}],"collection":[{"href":"http:\/\/www.edeka-schmoll.de\/index.php?rest_route=\/wp\/v2\/pages"}],"about":[{"href":"http:\/\/www.edeka-schmoll.de\/index.php?rest_route=\/wp\/v2\/types\/page"}],"author":[{"embeddable":true,"href":"http:\/\/www.edeka-schmoll.de\/index.php?rest_route=\/wp\/v2\/users\/1"}],"replies":[{"embeddable":true,"href":"http:\/\/www.edeka-schmoll.de\/index.php?rest_route=%2Fwp%2Fv2%2Fcomments&post=24"}],"version-history":[{"count":34,"href":"http:\/\/www.edeka-schmoll.de\/index.php?rest_route=\/wp\/v2\/pages\/24\/revisions"}],"predecessor-version":[{"id":2242,"href":"http:\/\/www.edeka-schmoll.de\/index.php?rest_route=\/wp\/v2\/pages\/24\/revisions\/2242"}],"wp:attachment":[{"href":"http:\/\/www.edeka-schmoll.de\/index.php?rest_route=%2Fwp%2Fv2%2Fmedia&parent=24"}],"curies":[{"name":"wp","href":"https:\/\/api.w.org\/{rel}","templated":true}]}}